{"id":1245,"date":"2018-08-28T15:08:08","date_gmt":"2018-08-28T13:08:08","guid":{"rendered":"https:\/\/www.martijnbenschop.nl\/sa\/?page_id=1245"},"modified":"2021-02-08T12:57:15","modified_gmt":"2021-02-08T11:57:15","slug":"certificatie","status":"publish","type":"page","link":"https:\/\/www.strategischadviescentrum.nl\/fr\/certificatie\/","title":{"rendered":"Certification"},"content":{"rendered":"<p><div class=\"fusion-fullwidth fullwidth-box fusion-builder-row-1 nonhundred-percent-fullwidth non-hundred-percent-height-scrolling\" style=\"background-color: rgba(255,255,255,0);background-position: center center;background-repeat: no-repeat;padding-top:0px;padding-right:0px;padding-bottom:0px;padding-left:0px;margin-bottom: 0px;margin-top: 0px;border-width: 0px 0px 0px 0px;border-color:#eae9e9;border-style:solid;\" ><div class=\"fusion-builder-row fusion-row\"><div class=\"fusion-layout-column fusion_builder_column fusion-builder-column-0 fusion_builder_column_1_1 1_1 fusion-one-full fusion-column-first fusion-column-last\" style=\"margin-top:0px;margin-bottom:0px;\"><div class=\"fusion-column-wrapper fusion-flex-column-wrapper-legacy\" style=\"background-position:left top;background-repeat:no-repeat;-webkit-background-size:cover;-moz-background-size:cover;-o-background-size:cover;background-size:cover;padding: 0px 0px 0px 0px;\"><div class=\"fusion-text fusion-text-1\"><h1>Certification<\/h1>\n<p>EIFA\u00ae est un organisme de certification ind\u00e9pendant bas\u00e9 aux Pays-Bas. Pour le label de qualit\u00e9 Register Strateeg\u2122, EIFA\u00ae a \u00e9tabli les exigences d'accr\u00e9ditation requises et un programme de qualification sur la base de la norme europ\u00e9enne NEN-EN-ISO\/IEC 17024.<\/p>\n<p>Pour \u00eatre \u00e9ligibles \u00e0 la certification Register Strateeg\u2122, les candidats doivent satisfaire \u00e0 ces exigences d'accr\u00e9ditation et avoir suivi le programme de qualification. Les participants qui ont suivi le programme avec succ\u00e8s sont inscrits dans le registre et sont autoris\u00e9s \u00e0 utiliser le titre prot\u00e9g\u00e9 et international Chartered Strategist (CS)\u00ae ou, aux Pays-Bas, le titre Register Strateeg\u2122 apr\u00e8s leur nom.<\/p>\n<p>EIFA cre\u00ebert, ontwikkelt en levert accreditatie-eisen en kwalificatieprogramma\u2019s voor beroepsverenigingen en professionals zoals beoordelaars en deskundigen.<br \/>\nFond\u00e9e en 2021, l'EIFA se concentre sur les secteurs qui ne disposent pas encore de directives l\u00e9gales et\/ou d'autor\u00e9gulation suffisantes. Les exigences de qualification, les directives et le contr\u00f4le qualit\u00e9 permanent de l'EIFA offrent aux clients une s\u00e9curit\u00e9 maximale quant \u00e0 la comp\u00e9tence et l'int\u00e9grit\u00e9 des personnes et des organisations accr\u00e9dit\u00e9es par l'institut.<\/p>\n<h2>L'EIFA a mis en place un programme d'accr\u00e9ditation.<\/h2>\n<p>Un programme d'accr\u00e9ditation destin\u00e9 aux consultants qui souhaitent exercer en tant que strat\u00e8ge agr\u00e9\u00e9 sur le march\u00e9 du conseil. Les candidats \u00e0 ce programme doivent justifier de dix ans d'exp\u00e9rience \u00e0 un niveau de gestion strat\u00e9gique et avoir \u00e9t\u00e9 responsables des r\u00e9sultats financiers de l'entreprise. Il est essentiel que le strat\u00e8ge agr\u00e9\u00e9 comprenne ce que signifie \u00eatre entrepreneur. La participation \u00e0 l'EIFA Business Academy offre au candidat strat\u00e8ge certifi\u00e9 les connaissances th\u00e9oriques et les outils pratiques n\u00e9cessaires pour aider un entrepreneur de PME \u00e0 surmonter tous les obstacles et difficult\u00e9s auxquels une PME peut \u00eatre confront\u00e9e.<\/p>\n<p>L'EIFA propose une acad\u00e9mie commerciale (EBA) destin\u00e9e aux consultants pour les PME et une plateforme interm\u00e9diaire pour les strat\u00e8ges d'entreprise agr\u00e9\u00e9s et les strat\u00e8ges certifi\u00e9s.<\/p>\n<p>\u00c0 mes coll\u00e8gues strat\u00e8ges agr\u00e9\u00e9s \u2013 une accr\u00e9ditation <a href=\"https:\/\/www.eifa.nl\/\">FEIA<\/a> est tr\u00e8s pr\u00e9cieuse \u2013 l'investissement en vaut largement la peine.<\/p>\n<\/div><div class=\"fusion-button-wrapper\"><style type=\"text\/css\">.fusion-button.button-1 {border-radius:0px;}<\/style><a class=\"fusion-button button-flat fusion-button-default-size button-default button-1 fusion-button-default-span fusion-button-default-type\" target=\"_self\" href=\"https:\/\/www.strategischadviescentrum.nl\/fr\/contact\/\"><span class=\"fusion-button-text\">Neem contact op voor meer informatie<\/span><\/a><\/div><div class=\"fusion-clearfix\"><\/div><\/div><\/div><\/div><\/div><div class=\"fusion-fullwidth fullwidth-box fusion-builder-row-2 nonhundred-percent-fullwidth non-hundred-percent-height-scrolling\" style=\"background-color: rgba(255,255,255,0);background-position: center center;background-repeat: no-repeat;padding-top:0px;padding-right:0px;padding-bottom:0px;padding-left:0px;margin-bottom: 0px;margin-top: 0px;border-width: 0px 0px 0px 0px;border-color:#eae9e9;border-style:solid;\" ><div class=\"fusion-builder-row fusion-row\"><div class=\"fusion-layout-column fusion_builder_column fusion-builder-column-1 fusion_builder_column_1_1 1_1 fusion-one-full fusion-column-first fusion-column-last\" style=\"margin-top:0px;margin-bottom:0px;\"><div class=\"fusion-column-wrapper fusion-flex-column-wrapper-legacy\" style=\"background-position:left top;background-repeat:no-repeat;-webkit-background-size:cover;-moz-background-size:cover;-o-background-size:cover;background-size:cover;padding: 0px 0px 0px 0px;\"><div class=\"fusion-text fusion-text-2\"><p><a href=\"https:\/\/www.fcsi.org\/\"><img class=\"alignright wp-image-1421 size-full\" src=\"http:\/\/www.strategischadviescentrum.nl\/wp-content\/uploads\/2018\/08\/FCSI.png\" alt=\"\" width=\"68\" height=\"76\" \/><\/a><a href=\"http:\/\/www.eifa.nl\/\"><img class=\"alignright wp-image-1420\" src=\"http:\/\/www.strategischadviescentrum.nl\/wp-content\/uploads\/2018\/08\/logo-eifa-e1535733026696.jpg\" alt=\"\" width=\"79\" height=\"76\" \/><\/a><a href=\"http:\/\/www.eifa.nl\/\"><img class=\"alignright wp-image-1414\" src=\"http:\/\/www.strategischadviescentrum.nl\/wp-content\/uploads\/2018\/08\/logo-chartered-strategist-e1535732743744.png\" alt=\"Chartered Strategist\" width=\"77\" height=\"76\" \/><\/a><\/p>\n<\/div><div class=\"fusion-clearfix\"><\/div><\/div><\/div><\/div><\/div>\n<\/p>","protected":false},"excerpt":{"rendered":"","protected":false},"author":1,"featured_media":0,"parent":0,"menu_order":0,"comment_status":"closed","ping_status":"closed","template":"","meta":{"footnotes":""},"_links":{"self":[{"href":"https:\/\/www.strategischadviescentrum.nl\/fr\/wp-json\/wp\/v2\/pages\/1245"}],"collection":[{"href":"https:\/\/www.strategischadviescentrum.nl\/fr\/wp-json\/wp\/v2\/pages"}],"about":[{"href":"https:\/\/www.strategischadviescentrum.nl\/fr\/wp-json\/wp\/v2\/types\/page"}],"author":[{"embeddable":true,"href":"https:\/\/www.strategischadviescentrum.nl\/fr\/wp-json\/wp\/v2\/users\/1"}],"replies":[{"embeddable":true,"href":"https:\/\/www.strategischadviescentrum.nl\/fr\/wp-json\/wp\/v2\/comments?post=1245"}],"version-history":[{"count":0,"href":"https:\/\/www.strategischadviescentrum.nl\/fr\/wp-json\/wp\/v2\/pages\/1245\/revisions"}],"wp:attachment":[{"href":"https:\/\/www.strategischadviescentrum.nl\/fr\/wp-json\/wp\/v2\/media?parent=1245"}],"curies":[{"name":"wp","href":"https:\/\/api.w.org\/{rel}","templated":true}]}}