{"id":1220,"date":"2018-08-28T14:58:15","date_gmt":"2018-08-28T12:58:15","guid":{"rendered":"https:\/\/www.martijnbenschop.nl\/sa\/?page_id=1220"},"modified":"2021-02-08T13:01:45","modified_gmt":"2021-02-08T12:01:45","slug":"coaching-en-mentoring","status":"publish","type":"page","link":"https:\/\/www.strategischadviescentrum.nl\/fr\/coaching-en-mentoring\/","title":{"rendered":"Coaching et mentorat"},"content":{"rendered":"<p><div class=\"fusion-fullwidth fullwidth-box fusion-builder-row-1 nonhundred-percent-fullwidth non-hundred-percent-height-scrolling\" style=\"background-color: rgba(255,255,255,0);background-position: center center;background-repeat: no-repeat;padding-top:0px;padding-right:0px;padding-bottom:0px;padding-left:0px;margin-bottom: 0px;margin-top: 0px;border-width: 0px 0px 0px 0px;border-color:#eae9e9;border-style:solid;\" ><div class=\"fusion-builder-row fusion-row\"><div class=\"fusion-layout-column fusion_builder_column fusion-builder-column-0 fusion_builder_column_1_1 1_1 fusion-one-full fusion-column-first fusion-column-last\" style=\"margin-top:0px;margin-bottom:0px;\"><div class=\"fusion-column-wrapper fusion-flex-column-wrapper-legacy\" style=\"background-position:left top;background-repeat:no-repeat;-webkit-background-size:cover;-moz-background-size:cover;-o-background-size:cover;background-size:cover;padding: 0px 0px 0px 0px;\"><div class=\"fusion-text fusion-text-1\"><h1>Coaching et mentorat<\/h1>\n<p><img fetchpriority=\"high\" decoding=\"async\" class=\"size-full wp-image-1908 alignleft\" src=\"https:\/\/www.strategischadviescentrum.nl\/wp-content\/uploads\/2020\/07\/coaching-en-mentorig-MF.jpg\" alt=\"\" width=\"300\" height=\"200\" srcset=\"https:\/\/www.strategischadviescentrum.nl\/wp-content\/uploads\/2020\/07\/coaching-en-mentorig-MF-200x133.jpg 200w, https:\/\/www.strategischadviescentrum.nl\/wp-content\/uploads\/2020\/07\/coaching-en-mentorig-MF.jpg 300w\" sizes=\"(max-width: 300px) 100vw, 300px\" \/>Lorsque vous rentrez chez vous le soir et que vous souhaitez discuter de votre entreprise, \u00eates-vous \u00e9cout\u00e9 ou recevez-vous des conseils peu pertinents ? Ces conseils sont-ils objectifs ? Et, plus important encore, \u00eates-vous capable de garder une vision objective ?<\/p>\n<p>De qui acceptez-vous le miroir qui vous est tendu ? Qui vous accompagne dans la prochaine \u00e9tape et vous guide tout au long du processus ? Cette sp\u00e9cialisation repose sur la confiance mutuelle et l'expertise en mati\u00e8re de gestion d'entreprise. Le Centre de conseil strat\u00e9gique a tout int\u00e9r\u00eat \u00e0 ce que vous r\u00e9ussissiez.<\/p>\n<p>Parmi les entrepreneurs que vous c\u00f4toyez r\u00e9guli\u00e8rement, lesquels sont transparents au sujet de leur entreprise ? Vous connaissez certainement des entreprises, notamment celles de vos relations amicales, qui ont fait faillite alors que, selon leur dirigeant, elles se portaient tr\u00e8s bien.<\/p>\n<p>Depuis le d\u00e9but des ann\u00e9es 90, nous avons altern\u00e9 les missions d'int\u00e9rim et les contrats \u00e0 dur\u00e9e ind\u00e9termin\u00e9e en raison de la longue dur\u00e9e des projets.<\/p>\n<ul>\n<li>Analyse rapide de diverses entreprises et mise en \u0153uvre d'une gestion ax\u00e9e sur les r\u00e9sultats dans des entreprises comptant de 5 \u00e0 2 500 employ\u00e9s.<\/li>\n<li>D\u00e9velopper des combinaisons de produits et de march\u00e9s et les mettre physiquement sur le march\u00e9.<\/li>\n<li>Fusions entre services publics et entreprises priv\u00e9es.<\/li>\n<li>Pr\u00e9paration de la vente d'entreprises. Acquisition d'entreprises.<\/li>\n<li>Appels d'offres europ\u00e9ens pour les pouvoirs publics.<\/li>\n<li>Coaching en mati\u00e8re de succession d'entreprise.<\/li>\n<li>Coaching des dirigeants d'entreprise.<\/li>\n<li>Gestion de crise et gestion du changement.<\/li>\n<li>Appels d'offres europ\u00e9ens.<\/li>\n<li>Gestion de projet.<\/li>\n<li>Gestion int\u00e9rimaire et coaching pour, entre autres, le minist\u00e8re de la D\u00e9fense.<\/li>\n<li>Restructuration d'entreprises, rationalisation pour favoriser la croissance.<\/li>\n<li>Cession des activit\u00e9s non rentables.<\/li>\n<li>Lancement de nouveaux concepts commerciaux.<\/li>\n<li>Gestion de projet pour la refonte \u00e0 long terme des processus op\u00e9rationnels.<\/li>\n<\/ul>\n<p><strong>Cependant, nous sommes surtout disponibles 24 heures sur 24, 7 jours sur 7, pour les entrepreneurs afin de pouvoir continuer \u00e0 progresser ensemble.<\/strong><\/p>\n<\/div><div class=\"fusion-button-wrapper\"><style type=\"text\/css\">.fusion-button.button-1 {border-radius:0px;}<\/style><a class=\"fusion-button button-flat fusion-button-default-size button-default button-1 fusion-button-default-span fusion-button-default-type\" target=\"_self\" href=\"https:\/\/www.strategischadviescentrum.nl\/fr\/contact\/\"><span class=\"fusion-button-text\">Veuillez nous contacter pour plus d'informations.<\/span><\/a><\/div><div class=\"fusion-clearfix\"><\/div><\/div><\/div><\/div><\/div><div class=\"fusion-fullwidth fullwidth-box fusion-builder-row-2 nonhundred-percent-fullwidth non-hundred-percent-height-scrolling\" style=\"background-color: rgba(255,255,255,0);background-position: center center;background-repeat: no-repeat;padding-top:0px;padding-right:0px;padding-bottom:0px;padding-left:0px;margin-bottom: 0px;margin-top: 0px;border-width: 0px 0px 0px 0px;border-color:#eae9e9;border-style:solid;\" ><div class=\"fusion-builder-row fusion-row\"><div class=\"fusion-layout-column fusion_builder_column fusion-builder-column-1 fusion_builder_column_1_1 1_1 fusion-one-full fusion-column-first fusion-column-last\" style=\"margin-top:0px;margin-bottom:0px;\"><div class=\"fusion-column-wrapper fusion-flex-column-wrapper-legacy\" style=\"background-position:left top;background-repeat:no-repeat;-webkit-background-size:cover;-moz-background-size:cover;-o-background-size:cover;background-size:cover;padding: 0px 0px 0px 0px;\"><div class=\"fusion-text fusion-text-2\"><p><a href=\"https:\/\/www.fcsi.org\/\"><img class=\"alignright wp-image-1421 size-full\" src=\"http:\/\/www.strategischadviescentrum.nl\/wp-content\/uploads\/2018\/08\/FCSI.png\" alt=\"\" width=\"68\" height=\"76\" \/><\/a><a href=\"http:\/\/www.eifa.nl\/\"><img class=\"alignright wp-image-1420\" src=\"http:\/\/www.strategischadviescentrum.nl\/wp-content\/uploads\/2018\/08\/logo-eifa-e1535733026696.jpg\" alt=\"\" width=\"79\" height=\"76\" \/><\/a><a href=\"http:\/\/www.eifa.nl\/\"><img class=\"alignright wp-image-1414\" src=\"http:\/\/www.strategischadviescentrum.nl\/wp-content\/uploads\/2018\/08\/logo-chartered-strategist-e1535732743744.png\" alt=\"Chartered Strategist\" width=\"77\" height=\"76\" \/><\/a><\/p>\n<\/div><div class=\"fusion-clearfix\"><\/div><\/div><\/div><\/div><\/div>\n<\/p>","protected":false},"excerpt":{"rendered":"","protected":false},"author":1,"featured_media":0,"parent":0,"menu_order":0,"comment_status":"closed","ping_status":"closed","template":"","meta":{"footnotes":""},"_links":{"self":[{"href":"https:\/\/www.strategischadviescentrum.nl\/fr\/wp-json\/wp\/v2\/pages\/1220"}],"collection":[{"href":"https:\/\/www.strategischadviescentrum.nl\/fr\/wp-json\/wp\/v2\/pages"}],"about":[{"href":"https:\/\/www.strategischadviescentrum.nl\/fr\/wp-json\/wp\/v2\/types\/page"}],"author":[{"embeddable":true,"href":"https:\/\/www.strategischadviescentrum.nl\/fr\/wp-json\/wp\/v2\/users\/1"}],"replies":[{"embeddable":true,"href":"https:\/\/www.strategischadviescentrum.nl\/fr\/wp-json\/wp\/v2\/comments?post=1220"}],"version-history":[{"count":0,"href":"https:\/\/www.strategischadviescentrum.nl\/fr\/wp-json\/wp\/v2\/pages\/1220\/revisions"}],"wp:attachment":[{"href":"https:\/\/www.strategischadviescentrum.nl\/fr\/wp-json\/wp\/v2\/media?parent=1220"}],"curies":[{"name":"wp","href":"https:\/\/api.w.org\/{rel}","templated":true}]}}